{"id":2,"date":"2022-07-27T14:02:06","date_gmt":"2022-07-27T12:02:06","guid":{"rendered":"https:\/\/plus-punkt-energie.de\/?page_id=2"},"modified":"2022-08-01T22:44:19","modified_gmt":"2022-08-01T20:44:19","slug":"beispiel-seite","status":"publish","type":"page","link":"https:\/\/plus-punkt-energie.de\/?page_id=2","title":{"rendered":"Energieausweise"},"content":{"rendered":"\n<p class=\"has-medium-font-size\">Lassen Sie sich den energetischen Zustand Ihres Hauses ermitteln-<\/p>\n\n\n\n<p class=\"has-medium-font-size\">vom Dach bis zur Heizung<\/p>\n\n\n\n<figure class=\"wp-block-image size-full\"><img loading=\"lazy\" decoding=\"async\" width=\"775\" height=\"515\" src=\"https:\/\/plus-punkt-energie.de\/wp-content\/uploads\/2022\/08\/gekauftes-Energieausweis-Bild.png\" alt=\"\" class=\"wp-image-1563\" srcset=\"https:\/\/plus-punkt-energie.de\/wp-content\/uploads\/2022\/08\/gekauftes-Energieausweis-Bild.png 775w, https:\/\/plus-punkt-energie.de\/wp-content\/uploads\/2022\/08\/gekauftes-Energieausweis-Bild-300x199.png 300w, https:\/\/plus-punkt-energie.de\/wp-content\/uploads\/2022\/08\/gekauftes-Energieausweis-Bild-768x510.png 768w\" sizes=\"auto, (max-width: 775px) 100vw, 775px\" \/><\/figure>\n\n\n\n<p><\/p>\n\n\n\n<h2 class=\"has-text-align-center has-x-large-font-size wp-block-heading\">Der Energieausweis informiert \u00fcber die Energieeffizienz eines Geb\u00e4udes und die m\u00f6glichen energetischen Modernisierungsma\u00dfnahmen.<\/h2>\n\n\n\n<p><\/p>\n\n\n\n<p class=\"has-medium-font-size\">Durch ein h\u00f6heres Bewusstsein f\u00fcr \u00f6kologische Zusammenh\u00e4nge r\u00fcckt die Frage nach der Energiebilanz der Immobilien immer mehr in den Mittelpunkt.<\/p>\n\n\n\n<p class=\"has-medium-font-size\">Wie \u201esparsam\u201c ist eigentlich ein Haus? Ist der Energieverbrauch meines Eigenheims noch zeitgem\u00e4\u00df und konform mit den rechtlichen Bestimmungen? Was muss ich bei einem Neubau beachten und wie saniere ich meine Bestandsimmobilie so, dass sie auch energieeffizient ist? Solche Fragen stellen sich viele Bauherren, Hausbesitzer oder etwa K\u00e4ufer von Altbauten nicht nur mit dem Gedanken an die Kostenspirale bei der Energieversorgung.<\/p>\n\n\n\n<p class=\"has-medium-font-size\">Auf lange Sicht stehen hierbei unter anderem die Attraktivit\u00e4t und Wertbest\u00e4ndigkeit einer Immobilie in Frage. Das ist vor allem dann von entscheidender Bedeutung, wenn es um Vermietung, Verkauf oder Verpachtung eines Objektes geht. Der Gesetzgeber schreibt hier seit 2008\/09 einen so genannten Energieausweis vor, der verpflichtend vorgelegt werden muss.<\/p>\n\n\n\n<p class=\"has-medium-font-size\">Als erfahrene Energieberater mit Spezialisierung auf die Geb\u00e4udeenergieberatung sind wir zur Ausstellung von Energieausweisen f\u00fcr Wohn- und Nichtwohngeb\u00e4uden berechtigt, entsprechende Nachweise zu erbringen. plus-funkt-energie bietet hierbei aussagekr\u00e4ftig und zuverl\u00e4ssig eine genaue Datenerhebung zu dem energetischen Zustand Ihrer Immobilie und eine pr\u00e4zise technische Analyse aller relevanten Parameter. Im Rahmen unserer Expertisen geben wir den Eigent\u00fcmern dar\u00fcber hinaus wertvolle Orientierungshilfen bei der energetischen Sanierung von Geb\u00e4uden, indem wir zum Beispiel M\u00e4ngel \u201esichtbar\u201c machen und mit unseren Hinweisen und beratenden Leistungen M\u00f6glichkeiten einer energetischen Modernisierung aufzeigen k\u00f6nnen.<\/p>\n\n\n\n<p class=\"has-medium-font-size\">So erhalten Eigent\u00fcmer mit einem Energieausweis nicht nur verl\u00e4ssliche Daten an die Hand, sondern auch das Wissen darum, mit welchen wirtschaftlichen Mitteln die gew\u00fcnschte Optimierung der Energiebilanz einer Immobilie gew\u00e4hrleistet werden kann.<\/p>\n\n\n\n<p><\/p>\n\n\n\n<h2 class=\"wp-block-heading\">70 % des Geb\u00e4udebestands sind mit niedrigem energetischem Standard gebaut.<\/h2>\n\n\n\n<p class=\"has-medium-font-size\">Die Bundesregierung hat sich zum Ziel gesetzt, diesen Zustand bis 2050 zu verbessern und einen nahezu klimaneutralen Geb\u00e4udebestand zu erreichen. Zur Unterst\u00fctzung dieses Vorhabens wurde die Einf\u00fchrung des Energieausweises beschlossen. Ein weiterer positiver Aspekt ist die Schaffung einer h\u00f6heren Markttransparenz im Immobiliensektor.<\/p>\n\n\n\n<p><\/p>\n\n\n\n<h3 class=\"wp-block-heading\">Die Energieeinsparverordnung 2014 (EnEV 14)<\/h3>\n\n\n\n<p class=\"has-medium-font-size\">Die Energieeinsparverordnung (EnEV) ist seit 2007 eine wichtige Ma\u00dfnahme zur Steigerung der Energieeffizienz in Geb\u00e4uden. Am 1. Mai 2014 ist die Novellierung EnEV 2014 in Kraft getreten. Sie setzt die EU Geb\u00e4uderichtlinie von 2010 (Richtlinie 2010\/31\/EU) um. Die EnEV 2014 versch\u00e4rft den Energiestandard f\u00fcr Neubauten ab 2016 und fordert die Nachr\u00fcstung im Bestand. Das Geb\u00e4ude muss vorgegebene Werte bei Prim\u00e4renergiebedarf, W\u00e4rmeschutz, Hitzeschutz, Luftdichtigkeit und Luftwechsel aufweisen. Diese Verordnung soll dazu beitragen den Energieverbrauch im Geb\u00e4udesektor (Heizung, L\u00fcftung, K\u00fchlung, Beleuchtung und Warmwasserbereitung) zu senken. Die wichtigsten Neuerungen im Vergleich zur EnEV 2009 sind:<\/p>\n\n\n\n<p><strong>Neubauten&nbsp;<\/strong><\/p>\n\n\n\n<ul class=\"wp-block-list\"><li>Verringerung des Jahres-Prim\u00e4renergiebedarfs der neu gebauten Wohn- und Nichtwohngeb\u00e4ude um 25 %&nbsp;<\/li><li>Verbesserung der W\u00e4rmed\u00e4mmung der Geb\u00e4udeh\u00fclle um 20 % (W\u00e4rmedurchgangskoeffizient).<\/li><li>Ab 2019 gilt f\u00fcr alle \u00f6ffentlichen Geb\u00e4ude und ab 2021 f\u00fcr alle Neubauten der von der EU geforderte Niedrigstenergie-Geb\u00e4udestandard. Nach der EU-Geb\u00e4uderichtlinie 2010 ist ein Niedrigstenergiegeb\u00e4ude ein Geb\u00e4ude, das eine sehr gute Gesamtenergieeffizienz aufweist. Der Energiebedarf des Geb\u00e4udes muss sehr gering sein und soll, soweit m\u00f6glich, zu einem ganz wesentlichen Teil durch Energie aus erneuerbaren Quellen gedeckt werden.&nbsp;<\/li><\/ul>\n\n\n\n<p><strong>Bestehende Geb\u00e4ude<\/strong><\/p>\n\n\n\n<ul class=\"wp-block-list\"><li>Heizkessel, die mit fl\u00fcssigen oder gasf\u00f6rmigen Brennstoffen betrieben werden und nach dem 01. Januar 1985 eingebaut wurden, m\u00fcssen nach 30 Jahren au\u00dfer Betrieb genommen werden. Wurden die entsprechenden Heizkessel vor 1985 eingebaut, d\u00fcrfen diese schon ab 2015 nicht mehr betrieben werden. Ausnahmen gelten f\u00fcr Niedertemperatur- und Brennwertkessel sowie f\u00fcr bestimmte selbstnutzende Ein- und Zweifamilienhauseigent\u00fcmer. Im Falle eines Eigent\u00fcmerwechsels muss der neue Hauseigent\u00fcmer diesen innerhalb von zwei Jahren austauschen.<\/li><li>Oberste Geschossdecken m\u00fcssen bis Ende 2015 ged\u00e4mmt werden, wenn sie nicht die Anforderungen an den Mindestw\u00e4rmeschutz erf\u00fcllen.<\/li><\/ul>\n\n\n\n<p><\/p>\n\n\n\n<h3 class=\"wp-block-heading\">Details zu den Berechnungsgrundlagen<\/h3>\n\n\n\n<p class=\"has-medium-font-size\">Es wird unterschieden zwischen einem bedarfs- und einem verbrauchsbasierten Energieausweis.\u00a0<br>Beim\u00a0<strong>Bedarfsausweis<\/strong>\u00a0wird der Energiebedarf eines Geb\u00e4udes \u00fcber die Analyse der Bausubstanz sowie der Heizungs- und Klimaanlagen ermittelt. Er bildet den Jahres-Prim\u00e4renergie- und Heizenergiebedarf f\u00fcr u.a. Heizung, Warmwasserbereitung, bei Nichtwohngeb\u00e4uden zus\u00e4tzlich L\u00fcftung, K\u00fchlung und eingebaute Beleuchtung, unabh\u00e4ngig von den Verbrauchsgewohnheiten der Bewohner ab.<br>Der\u00a0<strong>Verbrauchsausweis<\/strong>\u00a0gibt den gemittelten tats\u00e4chlichen Energieverbrauch der drei vorangegangenen Kalenderjahre an und wird lediglich um witterungsbedingte Einfl\u00fcsse bereinigt. Hier spiegeln sich vor allem die Verbrauchsgewohnheiten der Bewohner wider. \u00dcber die energetische Qualit\u00e4t des Geb\u00e4udes und der Anlagen sagt er wenig aus.<br>Bei Energieausweisen f\u00fcr Bestandsgeb\u00e4ude besteht Wahlfreiheit, ob der berechnete Energiebedarf oder der tats\u00e4chliche Energieverbrauch herangezogen wird.<\/p>\n\n\n\n<p><\/p>\n\n\n<p class=\"has-medium-font-size\">\u00a0<\/p>\n<p class=\"has-medium-font-size\">\u00a0<\/p>","protected":false},"excerpt":{"rendered":"<p>Lassen Sie sich den energetischen Zustand Ihres Hauses ermitteln- vom Dach bis zur Heizung Der Energieausweis informiert \u00fcber die Energieeffizienz eines Geb\u00e4udes und die m\u00f6glichen energetischen Modernisierungsma\u00dfnahmen. Durch ein h\u00f6heres Bewusstsein f\u00fcr \u00f6kologische Zusammenh\u00e4nge r\u00fcckt die Frage nach der Energiebilanz der Immobilien immer mehr in den Mittelpunkt. Wie \u201esparsam\u201c ist eigentlich ein Haus? Ist der [&hellip;]<\/p>\n","protected":false},"author":1,"featured_media":0,"parent":0,"menu_order":0,"comment_status":"closed","ping_status":"open","template":"","meta":{"footnotes":""},"class_list":["post-2","page","type-page","status-publish","hentry"],"_links":{"self":[{"href":"https:\/\/plus-punkt-energie.de\/index.php?rest_route=\/wp\/v2\/pages\/2","targetHints":{"allow":["GET"]}}],"collection":[{"href":"https:\/\/plus-punkt-energie.de\/index.php?rest_route=\/wp\/v2\/pages"}],"about":[{"href":"https:\/\/plus-punkt-energie.de\/index.php?rest_route=\/wp\/v2\/types\/page"}],"author":[{"embeddable":true,"href":"https:\/\/plus-punkt-energie.de\/index.php?rest_route=\/wp\/v2\/users\/1"}],"replies":[{"embeddable":true,"href":"https:\/\/plus-punkt-energie.de\/index.php?rest_route=%2Fwp%2Fv2%2Fcomments&post=2"}],"version-history":[{"count":4,"href":"https:\/\/plus-punkt-energie.de\/index.php?rest_route=\/wp\/v2\/pages\/2\/revisions"}],"predecessor-version":[{"id":1571,"href":"https:\/\/plus-punkt-energie.de\/index.php?rest_route=\/wp\/v2\/pages\/2\/revisions\/1571"}],"wp:attachment":[{"href":"https:\/\/plus-punkt-energie.de\/index.php?rest_route=%2Fwp%2Fv2%2Fmedia&parent=2"}],"curies":[{"name":"wp","href":"https:\/\/api.w.org\/{rel}","templated":true}]}}