{"id":1612,"date":"2022-08-08T11:18:41","date_gmt":"2022-08-08T09:18:41","guid":{"rendered":"https:\/\/plus-punkt-energie.de\/?page_id=1612"},"modified":"2022-08-08T11:23:45","modified_gmt":"2022-08-08T09:23:45","slug":"hauskaufberatung-kaufbegleitung","status":"publish","type":"page","link":"https:\/\/plus-punkt-energie.de\/?page_id=1612","title":{"rendered":"Hauskaufberatung \/ Kaufbegleitung"},"content":{"rendered":"\n<figure class=\"wp-block-image size-large\"><img loading=\"lazy\" decoding=\"async\" width=\"1024\" height=\"769\" src=\"https:\/\/plus-punkt-energie.de\/wp-content\/uploads\/2022\/08\/tierra-mallorca-rgJ1J8SDEAY-unsplash-1024x769.jpg\" alt=\"\" class=\"wp-image-1613\" srcset=\"https:\/\/plus-punkt-energie.de\/wp-content\/uploads\/2022\/08\/tierra-mallorca-rgJ1J8SDEAY-unsplash-1024x769.jpg 1024w, https:\/\/plus-punkt-energie.de\/wp-content\/uploads\/2022\/08\/tierra-mallorca-rgJ1J8SDEAY-unsplash-300x225.jpg 300w, https:\/\/plus-punkt-energie.de\/wp-content\/uploads\/2022\/08\/tierra-mallorca-rgJ1J8SDEAY-unsplash-768x577.jpg 768w, https:\/\/plus-punkt-energie.de\/wp-content\/uploads\/2022\/08\/tierra-mallorca-rgJ1J8SDEAY-unsplash-1536x1153.jpg 1536w, https:\/\/plus-punkt-energie.de\/wp-content\/uploads\/2022\/08\/tierra-mallorca-rgJ1J8SDEAY-unsplash-2048x1538.jpg 2048w\" sizes=\"auto, (max-width: 1024px) 100vw, 1024px\" \/><\/figure>\n\n\n\n<h2 class=\"has-text-align-center has-large-font-size wp-block-heading\">Nutzen Sie das fachkundige Wissen unserer Experten, um eine faktenbasierte Entscheidung zu treffen<\/h2>\n\n\n\n<p><\/p>\n\n\n\n<p class=\"has-medium-font-size\">Wir begleiten die Besichtigung der Immobilie und stellen dabei den baulichen Zustand des Objektes fest. Nat\u00fcrlich stehen wir Ihnen dabei f\u00fcr alle relevanten Fragen zur Verf\u00fcgung. Dadurch haben Sie die M\u00f6glichkeit wichtige Fakten zu dem Objekt zu verstehen, um beruhigt die richtige Kaufentscheidung zu treffen.<\/p>\n\n\n\n<p class=\"has-medium-font-size\">Nur durch eine Kaufberatung mit Vor- Ort Besichtigung erfahren Sie sofort, welche n\u00f6tige Ma\u00dfnahmen, wie zum Beispiel Umbaukosten , sowie Reparaturaufwand, kurz- oder mittelfristig nach dem Kauf erfolgen sollte.<\/p>\n\n\n\n<p><\/p>\n\n\n\n<p class=\"has-medium-font-size\"><strong>Ablauf im Vorfeld<\/strong><\/p>\n\n\n\n<p class=\"has-medium-font-size\">Im Vorfeld pr\u00fcfen wir das Expose ihres Objekts. Dabei messen wir den technischen Daten besonderen Wert zu, um eine Marktwerteinsch\u00e4tzung treffen zu k\u00f6nnen. Zudem besprechen wir mit Ihnen Ihre pers\u00f6nlichen W\u00fcnsche an eine Immobilie.<\/p>\n\n\n\n<p><\/p>\n\n\n\n<p class=\"has-medium-font-size\"><strong>Vorbereitendes Gespr\u00e4ch vor Ort<\/strong><\/p>\n\n\n\n<p class=\"has-medium-font-size\">Hier liegt der Fokus auf den bauspezifischen Besonderheiten des Objektes, welche Ihnen im Vorfeld der Besichtigung erl\u00e4utert werden. <\/p>\n\n\n\n<p class=\"has-medium-font-size\">Das macht es uns m\u00f6glich, Ihre beabsichtigten Um- und Ausbauma\u00dfnahmen zu er\u00f6rtern.<\/p>\n\n\n\n<p class=\"has-medium-font-size\">Auch der Verk\u00e4uferseite erkl\u00e4ren wir in einem kurzen Gespr\u00e4ch unser Vorgehen, um Missverst\u00e4ndnisse vorzubeugen. Erfahrungsgem\u00e4\u00df wird ein ehrlicher Verk\u00e4ufer\/ Makler der Begleitung eines Beraters zustimmen.<\/p>\n\n\n\n<p class=\"has-medium-font-size\"><\/p>\n\n\n\n<p><\/p>\n\n\n\n<p class=\"has-medium-font-size\"><strong>W\u00e4hrend der Begehung<\/strong> <\/p>\n\n\n\n<p class=\"has-medium-font-size\">Durch neueste Messtechniken machen wir vorhandene Sch\u00e4den an der Bausubstanz sichtbar. Wir pr\u00fcfen Das Objekt auf Keller- und Mauerwerksfeuchte, sowie Dach- Durchfeuchtung.<\/p>\n\n\n\n<p class=\"has-medium-font-size\">Nur bei plus-punkt-energie bekommen Sie zugleich eine Pr\u00fcfung der Fenster und Haust\u00fcren, sowie Neben- und Kellert\u00fcren bez\u00fcglich Einbruchsicherheit und vor Allem bez\u00fcglich Qualit\u00e4t der verbauten Bauelemente, um grobe Anhaltspunkte zur Energieeffizienz zu geben. Des Weiteren geben wir Tipps zu m\u00f6glichen staatl. F\u00f6rderungen Ihrer anstehenden Modernisierungsma\u00dfnahmen.<\/p>\n\n\n\n<p><\/p>\n\n\n\n<p class=\"has-medium-font-size\"><strong>Nachbesprechung vor Ort<\/strong><\/p>\n\n\n\n<p class=\"has-medium-font-size\">Nach der Begehung ist es uns m\u00f6glich den geforderten Kaufpreis in vollem Umfang einzuordnen.<\/p>\n","protected":false},"excerpt":{"rendered":"<p>Nutzen Sie das fachkundige Wissen unserer Experten, um eine faktenbasierte Entscheidung zu treffen Wir begleiten die Besichtigung der Immobilie und stellen dabei den baulichen Zustand des Objektes fest. Nat\u00fcrlich stehen wir Ihnen dabei f\u00fcr alle relevanten Fragen zur Verf\u00fcgung. Dadurch haben Sie die M\u00f6glichkeit wichtige Fakten zu dem Objekt zu verstehen, um beruhigt die richtige [&hellip;]<\/p>\n","protected":false},"author":1,"featured_media":0,"parent":0,"menu_order":0,"comment_status":"closed","ping_status":"closed","template":"","meta":{"footnotes":""},"class_list":["post-1612","page","type-page","status-publish","hentry"],"_links":{"self":[{"href":"https:\/\/plus-punkt-energie.de\/index.php?rest_route=\/wp\/v2\/pages\/1612","targetHints":{"allow":["GET"]}}],"collection":[{"href":"https:\/\/plus-punkt-energie.de\/index.php?rest_route=\/wp\/v2\/pages"}],"about":[{"href":"https:\/\/plus-punkt-energie.de\/index.php?rest_route=\/wp\/v2\/types\/page"}],"author":[{"embeddable":true,"href":"https:\/\/plus-punkt-energie.de\/index.php?rest_route=\/wp\/v2\/users\/1"}],"replies":[{"embeddable":true,"href":"https:\/\/plus-punkt-energie.de\/index.php?rest_route=%2Fwp%2Fv2%2Fcomments&post=1612"}],"version-history":[{"count":3,"href":"https:\/\/plus-punkt-energie.de\/index.php?rest_route=\/wp\/v2\/pages\/1612\/revisions"}],"predecessor-version":[{"id":1616,"href":"https:\/\/plus-punkt-energie.de\/index.php?rest_route=\/wp\/v2\/pages\/1612\/revisions\/1616"}],"wp:attachment":[{"href":"https:\/\/plus-punkt-energie.de\/index.php?rest_route=%2Fwp%2Fv2%2Fmedia&parent=1612"}],"curies":[{"name":"wp","href":"https:\/\/api.w.org\/{rel}","templated":true}]}}