{"id":1448,"date":"2022-07-22T01:15:33","date_gmt":"2022-07-21T23:15:33","guid":{"rendered":"https:\/\/pluspunktenergie.wordpress.com\/?page_id=22"},"modified":"2022-08-08T11:27:04","modified_gmt":"2022-08-08T09:27:04","slug":"plus-punkt-energie-stellt-sich-vor","status":"publish","type":"page","link":"https:\/\/plus-punkt-energie.de\/","title":{"rendered":"plus- punkt- energie  \n &#8230;  egal wie"},"content":{"rendered":"\n<div class=\"wp-block-cover alignfull is-light wp-duotone-333-ccc-1\"><span aria-hidden=\"true\" class=\"wp-block-cover__background has-background-background-color has-background-dim-0 has-background-dim\"><\/span><img loading=\"lazy\" decoding=\"async\" width=\"776\" height=\"518\" class=\"wp-block-cover__image-background wp-image-1502\" alt=\"\" src=\"https:\/\/plus-punkt-energie.de\/wp-content\/uploads\/2022\/07\/gekauft-Haus-Bild-2.png\" style=\"object-position:46% 61%\" data-object-fit=\"cover\" data-object-position=\"46% 61%\" srcset=\"https:\/\/plus-punkt-energie.de\/wp-content\/uploads\/2022\/07\/gekauft-Haus-Bild-2.png 776w, https:\/\/plus-punkt-energie.de\/wp-content\/uploads\/2022\/07\/gekauft-Haus-Bild-2-300x200.png 300w, https:\/\/plus-punkt-energie.de\/wp-content\/uploads\/2022\/07\/gekauft-Haus-Bild-2-768x513.png 768w\" sizes=\"auto, (max-width: 776px) 100vw, 776px\" \/><div class=\"wp-block-cover__inner-container is-layout-flow wp-block-cover-is-layout-flow\">\n<p class=\"has-text-align-center has-large-font-size\"><\/p>\n<\/div><\/div>\n\n\n\n<div class=\"wp-block-buttons is-layout-flex wp-block-buttons-is-layout-flex\">\n<div class=\"wp-block-button aligncenter has-custom-width wp-block-button__width-50 is-style-fill\"><a class=\"wp-block-button__link\" href=\"https:\/\/plus-punkt-energie.de\/?page_id=50\">zur Online Energieberatung<\/a><\/div>\n<\/div>\n\n\n\n<figure class=\"wp-block-image size-large\"><img loading=\"lazy\" decoding=\"async\" width=\"2432\" height=\"1055\" src=\"https:\/\/plus-punkt-energie.de\/wp-content\/uploads\/2022\/07\/pluspunktenergielogo.jpg?w=750\" alt=\"\" class=\"wp-image-42\" srcset=\"https:\/\/plus-punkt-energie.de\/wp-content\/uploads\/2022\/07\/pluspunktenergielogo.jpg 2432w, https:\/\/plus-punkt-energie.de\/wp-content\/uploads\/2022\/07\/pluspunktenergielogo-300x130.jpg 300w, https:\/\/plus-punkt-energie.de\/wp-content\/uploads\/2022\/07\/pluspunktenergielogo-1024x444.jpg 1024w, https:\/\/plus-punkt-energie.de\/wp-content\/uploads\/2022\/07\/pluspunktenergielogo-768x333.jpg 768w, https:\/\/plus-punkt-energie.de\/wp-content\/uploads\/2022\/07\/pluspunktenergielogo-1536x666.jpg 1536w, https:\/\/plus-punkt-energie.de\/wp-content\/uploads\/2022\/07\/pluspunktenergielogo-2048x888.jpg 2048w\" sizes=\"auto, (max-width: 2432px) 100vw, 2432px\" \/><\/figure>\n\n\n\n<div class=\"wp-block-group alignfull has-background-light-background-color has-background is-layout-flow wp-block-group-is-layout-flow\">\n<div style=\"height:64px\" aria-hidden=\"true\" class=\"wp-block-spacer\"><\/div>\n\n\n\n<div class=\"wp-block-columns alignwide is-layout-flex wp-container-core-columns-is-layout-28f84493 wp-block-columns-is-layout-flex\">\n<div class=\"wp-block-column is-layout-flow wp-block-column-is-layout-flow\">\n<figure class=\"wp-block-image size-large\"><a href=\"https:\/\/plus-punkt-energie.de\/?page_id=73\"><img decoding=\"async\" src=\"https:\/\/plus-punkt-energie.de\/wp-content\/uploads\/2022\/07\/pexels-marcus-aurelius-6787953.jpg?w=1024\" alt=\"\" class=\"wp-image-31\"\/><\/a><\/figure>\n\n\n\n<h4 class=\"has-large-font-size wp-block-heading\"><a href=\"https:\/\/plus-punkt-energie.de\/?page_id=73\" data-type=\"page\" data-id=\"73\">Individueller Sanierungsfahrplan \u2013 iSFP<\/a><\/h4>\n\n\n\n<p style=\"font-size:15px\">erfahren &amp; erfolgreich<\/p>\n<\/div>\n<\/div>\n\n\n\n<hr class=\"wp-block-separator has-alpha-channel-opacity\"\/>\n\n\n\n<p><\/p>\n\n\n\n<p>    <\/p>\n\n\n\n<p><\/p>\n\n\n\n<div class=\"wp-block-columns alignwide is-layout-flex wp-container-core-columns-is-layout-28f84493 wp-block-columns-is-layout-flex\">\n<div class=\"wp-block-column is-layout-flow wp-block-column-is-layout-flow\">\n<figure class=\"wp-block-image size-full\"><a href=\"https:\/\/plus-punkt-energie.de\/?page_id=1472\"><img loading=\"lazy\" decoding=\"async\" width=\"898\" height=\"512\" src=\"https:\/\/plus-punkt-energie.de\/wp-content\/uploads\/2022\/08\/Energieberatung-vor-ort-bild-Kopie.png\" alt=\"\" class=\"wp-image-1558\" srcset=\"https:\/\/plus-punkt-energie.de\/wp-content\/uploads\/2022\/08\/Energieberatung-vor-ort-bild-Kopie.png 898w, https:\/\/plus-punkt-energie.de\/wp-content\/uploads\/2022\/08\/Energieberatung-vor-ort-bild-Kopie-300x171.png 300w, https:\/\/plus-punkt-energie.de\/wp-content\/uploads\/2022\/08\/Energieberatung-vor-ort-bild-Kopie-768x438.png 768w\" sizes=\"auto, (max-width: 898px) 100vw, 898px\" \/><\/a><\/figure>\n\n\n\n<h4 class=\"has-large-font-size wp-block-heading\"><a href=\"https:\/\/plus-punkt-energie.de\/?page_id=1472\" data-type=\"page\" data-id=\"1472\">Energieberatung vor Ort<\/a><\/h4>\n\n\n\n<p style=\"font-size:15px\">realistisch &amp; zielorientiert<\/p>\n<\/div>\n<\/div>\n\n\n\n<hr class=\"wp-block-separator has-alpha-channel-opacity\"\/>\n\n\n\n<p><\/p>\n\n\n\n<p><\/p>\n\n\n\n<p><\/p>\n\n\n\n<div class=\"wp-block-columns alignwide is-layout-flex wp-container-core-columns-is-layout-28f84493 wp-block-columns-is-layout-flex\">\n<div class=\"wp-block-column is-layout-flow wp-block-column-is-layout-flow\">\n<figure class=\"wp-block-image size-large is-resized\"><a href=\"https:\/\/plus-punkt-energie.de\/?page_id=1603\"><img loading=\"lazy\" decoding=\"async\" src=\"https:\/\/plus-punkt-energie.de\/wp-content\/uploads\/2022\/07\/gekauftes-bild-coworking-1-edited.png\" alt=\"\" class=\"wp-image-37\" width=\"230\" height=\"230\"\/><\/a><\/figure>\n\n\n\n<h4 class=\"has-large-font-size wp-block-heading\"><a href=\"https:\/\/plus-punkt-energie.de\/?page_id=1603\" data-type=\"page\" data-id=\"1603\">Heizlastberechnung \/ W\u00e4rmebadarfsberechnung<\/a><\/h4>\n\n\n\n<p style=\"font-size:15px\">professionell &amp; konkret<\/p>\n<\/div>\n\n\n\n<div class=\"wp-block-column is-layout-flow wp-block-column-is-layout-flow\">\n<figure class=\"wp-block-image size-large is-resized\"><a href=\"https:\/\/plus-punkt-energie.de\/?page_id=1612\"><img loading=\"lazy\" decoding=\"async\" src=\"https:\/\/plus-punkt-energie.de\/wp-content\/uploads\/2022\/07\/maria-ziegler-jjnzg7vbfms-unsplash-edited.jpg\" alt=\"\" class=\"wp-image-39\" width=\"229\" height=\"229\"\/><\/a><\/figure>\n\n\n\n<h4 class=\"has-large-font-size wp-block-heading\"><a href=\"https:\/\/plus-punkt-energie.de\/?page_id=1612\" data-type=\"page\" data-id=\"1612\">Hauskaufberatung \/ Kaufbegleitung<\/a><\/h4>\n\n\n\n<p style=\"font-size:15px\">fachkundig &amp; kompetent<\/p>\n<\/div>\n\n\n\n<div class=\"wp-block-column is-layout-flow wp-block-column-is-layout-flow\">\n<figure class=\"wp-block-image size-large is-resized is-style-default\"><a href=\"https:\/\/plus-punkt-energie.de\/?page_id=2\"><img loading=\"lazy\" decoding=\"async\" src=\"https:\/\/plus-punkt-energie.de\/wp-content\/uploads\/2022\/07\/gekauftes-energieausweis-bild-1-edited.png\" alt=\"\" class=\"wp-image-35\" width=\"229\" height=\"229\"\/><\/a><\/figure>\n\n\n\n<h4 class=\"has-large-font-size wp-block-heading\"><a href=\"https:\/\/plus-punkt-energie.de\/?page_id=2\" data-type=\"page\" data-id=\"2\">Energieausweise<\/a><\/h4>\n\n\n\n<p style=\"font-size:15px\">verl\u00e4sslich und unabh\u00e4ngig<\/p>\n<\/div>\n<\/div>\n\n\n\n<p><\/p>\n\n\n\n<hr class=\"wp-block-separator has-alpha-channel-opacity\"\/>\n\n\n\n<p><\/p>\n\n\n\n<p>  <\/p>\n\n\n\n<div class=\"wp-block-columns alignwide is-layout-flex wp-container-core-columns-is-layout-28f84493 wp-block-columns-is-layout-flex\">\n<div class=\"wp-block-column is-layout-flow wp-block-column-is-layout-flow\">\n<figure class=\"wp-block-image size-large\"><a href=\"https:\/\/plus-punkt-energie.de\/?page_id=1342\"><img decoding=\"async\" src=\"https:\/\/plus-punkt-energie.de\/wp-content\/uploads\/2022\/07\/beratung.png?w=776\" alt=\"\" class=\"wp-image-33\"\/><\/a><\/figure>\n\n\n\n<h4 class=\"has-large-font-size wp-block-heading\"><a href=\"https:\/\/plus-punkt-energie.de\/?page_id=1342\" data-type=\"page\" data-id=\"1342\">F\u00f6rderservice BAFA<\/a><\/h4>\n\n\n\n<p style=\"font-size:15px\">unkompliziert &amp; konstruktiv<\/p>\n<\/div>\n<\/div>\n\n\n\n<p><\/p>\n\n\n\n<p><\/p>\n\n\n\n<div style=\"height:64px\" aria-hidden=\"true\" class=\"wp-block-spacer desktop-only\"><\/div>\n<\/div>\n\n\n\n<hr class=\"wp-block-separator has-alpha-channel-opacity\"\/>\n\n\n\n<p> <\/p>\n\n\n\n<div class=\"wp-block-group alignfull is-layout-flow wp-block-group-is-layout-flow\">\n<div class=\"wp-block-columns alignwide is-layout-flex wp-container-core-columns-is-layout-28f84493 wp-block-columns-is-layout-flex\">\n<div class=\"wp-block-column is-layout-flow wp-block-column-is-layout-flow\" style=\"flex-basis:40%\">\n<h2 class=\"wp-block-heading\">Energieeffizienz ist unser zweiter Vorname.<\/h2>\n<\/div>\n\n\n\n<div class=\"wp-block-column is-vertically-aligned-bottom is-layout-flow wp-block-column-is-layout-flow\">\n<p class=\"has-small-font-size\">Unser Team besteht aus hart arbeitenden Ingenieuren und Beratern, die unseren&nbsp;Kunden das Leben in den eigenen vier W\u00e4nden&nbsp;positiv&nbsp;beeinflussen. <\/p>\n\n\n\n<p class=\"has-small-font-size\">plus-punkt-energie ist sich dar\u00fcber bewusst, dass die Entscheidungen, die wir heute treffen, einen gro\u00dfen Einfluss auf die globale Umwelt haben. Deshalb ist es uns sehr wichtig, dass unsere Arbeit mit den h\u00f6chsten Standards konform ist. Unser Unternehmen ist seit Jahrzehnten&nbsp;in der Branche t\u00e4tig.<\/p>\n<\/div>\n<\/div>\n\n\n\n<div style=\"height:80px\" aria-hidden=\"true\" class=\"wp-block-spacer desktop-only\"><\/div>\n<\/div>\n\n\n\n<div class=\"wp-block-group alignfull has-foreground-background-color has-background is-layout-flow wp-block-group-is-layout-flow\">\n<div style=\"height:64px\" aria-hidden=\"true\" class=\"wp-block-spacer\"><\/div>\n\n\n\n<div class=\"wp-block-columns alignwide is-layout-flex wp-container-core-columns-is-layout-28f84493 wp-block-columns-is-layout-flex\">\n<div class=\"wp-block-column is-layout-flow wp-block-column-is-layout-flow\">\n<h4 class=\"has-background-color has-text-color wp-block-heading\">\u00dcber uns<\/h4>\n\n\n\n<p><\/p>\n\n\n\n<p class=\"has-background-color has-text-color\">Mit Standort im Herzen von D\u00fcsseldorf bieten Wir Ihnen breit gef\u00e4cherte Beratungen rund um energieeffizientes Bauen und Modernisieren an.<\/p>\n<\/div>\n\n\n\n<div class=\"wp-block-column has-background-color has-text-color is-layout-flow wp-block-column-is-layout-flow\">\n<h4 class=\"wp-block-heading\">Kontaktiere uns<\/h4>\n\n\n\n<ul class=\"wp-block-list\"><li><\/li><li>Email:<\/li><li>info@plus-punkt-energie.de<\/li><li><\/li><li>Telefon:<\/li><li>0211.15859932<\/li><li>02104.2103864<\/li><\/ul>\n\n\n\n<p class=\"has-text-align-left has-foreground-color has-foreground-background-color has-text-color has-background\"><a href=\"https:\/\/heverdemo.wordpress.com\/contact\/\">Weitere Kontaktm\u00f6glichkeiten<\/a><\/p>\n<\/div>\n<\/div>\n\n\n\n<hr class=\"wp-block-separator has-alpha-channel-opacity\"\/>\n\n\n\n<hr class=\"wp-block-separator has-text-color has-background-color has-alpha-channel-opacity has-background-background-color has-background\"\/>\n\n\n\n<p><\/p>\n\n\n\n<p class=\"has-background-color has-text-color\">Unsere Kooperationspartner<\/p>\n\n\n\n<hr class=\"wp-block-separator has-alpha-channel-opacity\"\/>\n\n\n\n<div class=\"wp-block-columns alignwide is-layout-flex wp-container-core-columns-is-layout-28f84493 wp-block-columns-is-layout-flex\">\n<div class=\"wp-block-column is-layout-flow wp-block-column-is-layout-flow\">\n<h4 class=\"has-background-color has-text-color has-large-font-size wp-block-heading\">Ingenieurb\u00fcro Schmidt<\/h4>\n\n\n\n<figure class=\"wp-block-image size-full\"><img loading=\"lazy\" decoding=\"async\" width=\"208\" height=\"154\" src=\"https:\/\/plus-punkt-energie.de\/wp-content\/uploads\/2022\/08\/Ingenieurbuero-Schmidt.png\" alt=\"\" class=\"wp-image-1577\"\/><\/figure>\n\n\n\n<p class=\"has-background-color has-text-color has-small-font-size\">Ingenieurb\u00fcro f\u00fcr energieeffizientes Planen und Bauen, K\u00f6ln<\/p>\n<\/div>\n\n\n\n<div class=\"wp-block-column is-layout-flow wp-block-column-is-layout-flow\">\n<h4 class=\"has-background-color has-text-color has-large-font-size wp-block-heading\">Aktiv Energieberatung<\/h4>\n\n\n\n<figure class=\"wp-block-image size-full\"><img loading=\"lazy\" decoding=\"async\" width=\"623\" height=\"252\" src=\"https:\/\/plus-punkt-energie.de\/wp-content\/uploads\/2022\/08\/Aktiv-Energieberatung.png\" alt=\"\" class=\"wp-image-1578\" srcset=\"https:\/\/plus-punkt-energie.de\/wp-content\/uploads\/2022\/08\/Aktiv-Energieberatung.png 623w, https:\/\/plus-punkt-energie.de\/wp-content\/uploads\/2022\/08\/Aktiv-Energieberatung-300x121.png 300w\" sizes=\"auto, (max-width: 623px) 100vw, 623px\" \/><\/figure>\n\n\n\n<p class=\"has-background-color has-text-color has-small-font-size\">Schornsteinfeger- Meister<br>Hennef, Sieg<br><\/p>\n<\/div>\n<\/div>\n\n\n\n<div style=\"height:64px\" aria-hidden=\"true\" class=\"wp-block-spacer desktop-only\"><\/div>\n<\/div>\n\n\n\n<p><a href=\"https:\/\/plus-punkt-energie.de\/?page_id=3\" data-type=\"page\" data-id=\"3\">Datenschutzerkl\u00e4rung<\/a><\/p>\n\n\n\n<p><a href=\"https:\/\/plus-punkt-energie.de\/?page_id=1185\" data-type=\"page\" data-id=\"1185\">Impressum<\/a><\/p>\n","protected":false},"excerpt":{"rendered":"<p>Individueller Sanierungsfahrplan \u2013 iSFP erfahren &amp; erfolgreich Energieberatung vor Ort realistisch &amp; zielorientiert Heizlastberechnung \/ W\u00e4rmebadarfsberechnung professionell &amp; konkret Hauskaufberatung \/ Kaufbegleitung fachkundig &amp; kompetent Energieausweise verl\u00e4sslich und unabh\u00e4ngig F\u00f6rderservice BAFA unkompliziert &amp; konstruktiv Energieeffizienz ist unser zweiter Vorname. Unser Team besteht aus hart arbeitenden Ingenieuren und Beratern, die unseren&nbsp;Kunden das Leben in den eigenen [&hellip;]<\/p>\n","protected":false},"author":1,"featured_media":0,"parent":0,"menu_order":0,"comment_status":"closed","ping_status":"closed","template":"","meta":{"footnotes":""},"class_list":["post-1448","page","type-page","status-publish","hentry"],"_links":{"self":[{"href":"https:\/\/plus-punkt-energie.de\/index.php?rest_route=\/wp\/v2\/pages\/1448","targetHints":{"allow":["GET"]}}],"collection":[{"href":"https:\/\/plus-punkt-energie.de\/index.php?rest_route=\/wp\/v2\/pages"}],"about":[{"href":"https:\/\/plus-punkt-energie.de\/index.php?rest_route=\/wp\/v2\/types\/page"}],"author":[{"embeddable":true,"href":"https:\/\/plus-punkt-energie.de\/index.php?rest_route=\/wp\/v2\/users\/1"}],"replies":[{"embeddable":true,"href":"https:\/\/plus-punkt-energie.de\/index.php?rest_route=%2Fwp%2Fv2%2Fcomments&post=1448"}],"version-history":[{"count":36,"href":"https:\/\/plus-punkt-energie.de\/index.php?rest_route=\/wp\/v2\/pages\/1448\/revisions"}],"predecessor-version":[{"id":1619,"href":"https:\/\/plus-punkt-energie.de\/index.php?rest_route=\/wp\/v2\/pages\/1448\/revisions\/1619"}],"wp:attachment":[{"href":"https:\/\/plus-punkt-energie.de\/index.php?rest_route=%2Fwp%2Fv2%2Fmedia&parent=1448"}],"curies":[{"name":"wp","href":"https:\/\/api.w.org\/{rel}","templated":true}]}}